{"id":109,"date":"2025-04-14T23:18:21","date_gmt":"2025-04-15T04:18:21","guid":{"rendered":"https:\/\/cumbre.incp.org.co\/?page_id=109"},"modified":"2025-07-24T16:47:41","modified_gmt":"2025-07-24T21:47:41","slug":"daniel-sarmiento-2","status":"publish","type":"page","link":"https:\/\/cumbre.incp.org.co\/?page_id=109","title":{"rendered":"Daniel Sarmiento Pavas"},"content":{"rendered":"\n<div class=\"wp-block-columns is-layout-flex wp-container-core-columns-is-layout-9d6595d7 wp-block-columns-is-layout-flex\">\n<div class=\"wp-block-column is-layout-flow wp-block-column-is-layout-flow\">\n<figure class=\"wp-block-image size-full is-resized\"><img decoding=\"async\" src=\"data:image\/gif;base64,R0lGODlhAQABAAAAACH5BAEKAAEALAAAAAABAAEAAAICTAEAOw==\" data-layzr=\"https:\/\/cumbre.incp.org.co\/wp-content\/uploads\/2025\/06\/Daniel-Sarmiento-1.jpg\" alt=\"\" class=\"wp-image-289\" style=\"width:414px;height:auto\"\/><\/figure>\n<\/div>\n\n\n\n<div class=\"wp-block-column is-layout-flow wp-block-column-is-layout-flow\">\n<h5 class=\"wp-block-heading\" style=\"font-size:19px\"><em>Socio director de ACS, firma miembro de SMS Latinoam\u00e9rica\u200b<br>\nMiembro del Grupo T\u00e9cnico Asesor del Proyecto\u00a0IFR4NPO\n<\/em><\/h5>\n\n\n\n<p style=\"text-align:justify\">Contador\u00a0p\u00fablico y administrador de empresas, especialista en Auditor\u00eda de Sistemas y MBA de la Universidad UNED de Espa\u00f1a. Ha sido consejero del Consejo T\u00e9cnico de la Contadur\u00eda P\u00fablica, gerente financiero, auditor y revisor fiscal por m\u00e1s de 15 a\u00f1os. <br>\n\nDocente de pregrado y posgrado en diversas universidades de Colombia, conferencista internacional y l\u00edder de opini\u00f3n en temas contables, de aseguramiento, revisor\u00eda fiscal y control de calidad. Integr\u00f3 el Grupo de Implementaci\u00f3n de las Pymes del IASB y actualmente es socio director en la firma Audit &#038; Consulting Services.<\/p>\n<\/div>\n<\/div>\n\n\n\n<div style=\"display: flex; justify-content: center; margin: 20px 0;\">\n  <figure class=\"wp-block-video\" style=\"max-width: 360px; margin: 0 auto;\">\n    <video controls autoplay style=\"width: 100%;\" src=\"https:\/\/cumbre.incp.org.co\/wp-content\/uploads\/2025\/07\/XII-Cumbre-Daniel-Sarmiento.mp4\"><\/video>\n  <\/figure>\n<\/div>\n","protected":false},"excerpt":{"rendered":"<p>Socio director de ACS, firma miembro de SMS Latinoam\u00e9rica\u200b Miembro del Grupo T\u00e9cnico Asesor del Proyecto\u00a0IFR4NPO Contador\u00a0p\u00fablico y administrador de empresas, especialista en Auditor\u00eda de Sistemas y MBA de la Universidad UNED de Espa\u00f1a. Ha sido consejero del Consejo T\u00e9cnico de la Contadur\u00eda P\u00fablica, gerente financiero, auditor y revisor fiscal por m\u00e1s de 15 a\u00f1os. &hellip; <\/p>\n","protected":false},"author":3,"featured_media":0,"parent":0,"menu_order":0,"comment_status":"closed","ping_status":"closed","template":"","meta":{"footnotes":""},"class_list":["post-109","page","type-page","status-publish","hentry","latest_post"],"_links":{"self":[{"href":"https:\/\/cumbre.incp.org.co\/index.php?rest_route=\/wp\/v2\/pages\/109","targetHints":{"allow":["GET"]}}],"collection":[{"href":"https:\/\/cumbre.incp.org.co\/index.php?rest_route=\/wp\/v2\/pages"}],"about":[{"href":"https:\/\/cumbre.incp.org.co\/index.php?rest_route=\/wp\/v2\/types\/page"}],"author":[{"embeddable":true,"href":"https:\/\/cumbre.incp.org.co\/index.php?rest_route=\/wp\/v2\/users\/3"}],"replies":[{"embeddable":true,"href":"https:\/\/cumbre.incp.org.co\/index.php?rest_route=%2Fwp%2Fv2%2Fcomments&post=109"}],"version-history":[{"count":6,"href":"https:\/\/cumbre.incp.org.co\/index.php?rest_route=\/wp\/v2\/pages\/109\/revisions"}],"predecessor-version":[{"id":575,"href":"https:\/\/cumbre.incp.org.co\/index.php?rest_route=\/wp\/v2\/pages\/109\/revisions\/575"}],"wp:attachment":[{"href":"https:\/\/cumbre.incp.org.co\/index.php?rest_route=%2Fwp%2Fv2%2Fmedia&parent=109"}],"curies":[{"name":"wp","href":"https:\/\/api.w.org\/{rel}","templated":true}]}}