{"id":128,"date":"2025-07-09T12:46:31","date_gmt":"2025-07-09T17:46:31","guid":{"rendered":"https:\/\/cumbre.incp.org.co\/?page_id=128"},"modified":"2025-07-17T11:28:08","modified_gmt":"2025-07-17T16:28:08","slug":"jennifer-montoya","status":"publish","type":"page","link":"https:\/\/cumbre.incp.org.co\/?page_id=128","title":{"rendered":"Jennifer Montoya"},"content":{"rendered":"\n<div class=\"wp-block-columns is-layout-flex wp-container-core-columns-is-layout-9d6595d7 wp-block-columns-is-layout-flex\">\n<div class=\"wp-block-column is-layout-flow wp-block-column-is-layout-flow\">\n<figure class=\"wp-block-image size-full is-resized\"><img decoding=\"async\" src=\"data:image\/gif;base64,R0lGODlhAQABAAAAACH5BAEKAAEALAAAAAABAAEAAAICTAEAOw==\" data-layzr=\"https:\/\/cumbre.incp.org.co\/wp-content\/uploads\/2025\/07\/Mesa-de-trabajo-1-copia-30-100.jpg\" alt=\"\" class=\"wp-image-485\" style=\"width:414px;height:auto\"\/><\/figure>\n<\/div>\n\n\n\n<div class=\"wp-block-column is-layout-flow wp-block-column-is-layout-flow\">\n<h5 class=\"wp-block-heading\" style=\"font-size:19px\"><em>Periodista en Blue Radio<\/em><\/h5>\n\n\n\n<p style=\"text-align:justify\">Periodista con m\u00e1s de 15 a\u00f1os de experiencia en medios audiovisuales, especializada en pol\u00edtica internacional y an\u00e1lisis de conflictos. Ha trabajado frente y detr\u00e1s de c\u00e1maras en canales de televisi\u00f3n tales como Caracol Noticias y CNN en Espa\u00f1ol.<br>\n\nFue conductora del Caf\u00e9 CNN y CNN Dinero, donde combin\u00f3 an\u00e1lisis noticioso y econ\u00f3mico con enfoque pedag\u00f3gico. Es ganadora de dos premios Emmy y promotora de las comunicaciones claras y cr\u00edticas en pro una sociedad mejor informada. Actualmente es periodista en\u00a0Blue Radio.<br>\n\nCuenta con maestr\u00edas en An\u00e1lisis Pol\u00edtico, Comunicaci\u00f3n Institucional y Creaci\u00f3n Literaria. Su amplia trayectoria profesional integra periodismo, an\u00e1lisis y narrativa, con dominio de medios tradicionales y redes sociales.\n<\/p>\n<\/div>\n<\/div>\n","protected":false},"excerpt":{"rendered":"<p>Periodista en Blue Radio Periodista con m\u00e1s de 15 a\u00f1os de experiencia en medios audiovisuales, especializada en pol\u00edtica internacional y an\u00e1lisis de conflictos. Ha trabajado frente y detr\u00e1s de c\u00e1maras en canales de televisi\u00f3n tales como Caracol Noticias y CNN en Espa\u00f1ol. Fue conductora del Caf\u00e9 CNN y CNN Dinero, donde combin\u00f3 an\u00e1lisis noticioso y &hellip; <\/p>\n","protected":false},"author":3,"featured_media":0,"parent":0,"menu_order":0,"comment_status":"closed","ping_status":"closed","template":"","meta":{"footnotes":""},"class_list":["post-128","page","type-page","status-publish","hentry","latest_post"],"_links":{"self":[{"href":"https:\/\/cumbre.incp.org.co\/index.php?rest_route=\/wp\/v2\/pages\/128","targetHints":{"allow":["GET"]}}],"collection":[{"href":"https:\/\/cumbre.incp.org.co\/index.php?rest_route=\/wp\/v2\/pages"}],"about":[{"href":"https:\/\/cumbre.incp.org.co\/index.php?rest_route=\/wp\/v2\/types\/page"}],"author":[{"embeddable":true,"href":"https:\/\/cumbre.incp.org.co\/index.php?rest_route=\/wp\/v2\/users\/3"}],"replies":[{"embeddable":true,"href":"https:\/\/cumbre.incp.org.co\/index.php?rest_route=%2Fwp%2Fv2%2Fcomments&post=128"}],"version-history":[{"count":3,"href":"https:\/\/cumbre.incp.org.co\/index.php?rest_route=\/wp\/v2\/pages\/128\/revisions"}],"predecessor-version":[{"id":487,"href":"https:\/\/cumbre.incp.org.co\/index.php?rest_route=\/wp\/v2\/pages\/128\/revisions\/487"}],"wp:attachment":[{"href":"https:\/\/cumbre.incp.org.co\/index.php?rest_route=%2Fwp%2Fv2%2Fmedia&parent=128"}],"curies":[{"name":"wp","href":"https:\/\/api.w.org\/{rel}","templated":true}]}}