{"id":93,"date":"2025-04-14T23:15:13","date_gmt":"2025-04-15T04:15:13","guid":{"rendered":"https:\/\/cumbre.incp.org.co\/?page_id=93"},"modified":"2025-08-11T17:27:30","modified_gmt":"2025-08-11T22:27:30","slug":"angel-custodio-cabrera-2","status":"publish","type":"page","link":"https:\/\/cumbre.incp.org.co\/?page_id=93","title":{"rendered":"\u00c1ngel Custodio Cabrera"},"content":{"rendered":"\n<div class=\"wp-block-columns is-layout-flex wp-container-core-columns-is-layout-9d6595d7 wp-block-columns-is-layout-flex\">\n<div class=\"wp-block-column is-layout-flow wp-block-column-is-layout-flow\">\n<figure class=\"wp-block-image size-full is-resized\"><img decoding=\"async\" src=\"data:image\/gif;base64,R0lGODlhAQABAAAAACH5BAEKAAEALAAAAAABAAEAAAICTAEAOw==\" data-layzr=\"https:\/\/cumbre.incp.org.co\/wp-content\/uploads\/2025\/06\/Angel-Cabrera.jpg\" alt=\"\" class=\"wp-image-285\" style=\"width:412px;height:auto\"\/><\/figure>\n<\/div>\n\n\n\n<div class=\"wp-block-column is-layout-flow wp-block-column-is-layout-flow\">\n<h5 class=\"wp-block-heading\" style=\"font-size:19px\"><em>Contador p\u00fablico, Ex ministro de trabajo, ex senador de la rep\u00fablica de Colombia y asesor del INCP.\n<\/em><\/h5>\n\n\n\n<p style=\"text-align:justify\">Contador p\u00fablico de la Universidad Nacional de Colombia, con especializaci\u00f3n en Finanzas y Derecho Tributario. Fue Ministro de Trabajo de Colombia entre 2020 y 2022. Ha ocupado cargos de alto liderazgo en el sector p\u00fablico y privado, incluyendo la direcci\u00f3n del ICBF en Bogot\u00e1, la representaci\u00f3n de Colombia ante el Banco Centroamericano de Integraci\u00f3n Econ\u00f3mica  y la asesor\u00eda en temas financieros y tributarios.<br>\n\nEn el Congreso de Colombia, fue Representante a la C\u00e1mara (2006\u20132014) y Senador (2014\u20132018). Tambi\u00e9n fue concejal de Bogot\u00e1 durante una d\u00e9cada y ha sido reconocido por su trayectoria en gesti\u00f3n p\u00fablica, pol\u00edtica social y econom\u00eda.\n<\/p>\n<\/div>\n<\/div>\n","protected":false},"excerpt":{"rendered":"<p>Contador p\u00fablico, Ex ministro de trabajo, ex senador de la rep\u00fablica de Colombia y asesor del INCP. Contador p\u00fablico de la Universidad Nacional de Colombia, con especializaci\u00f3n en Finanzas y Derecho Tributario. Fue Ministro de Trabajo de Colombia entre 2020 y 2022. Ha ocupado cargos de alto liderazgo en el sector p\u00fablico y privado, incluyendo &hellip; <\/p>\n","protected":false},"author":3,"featured_media":0,"parent":0,"menu_order":0,"comment_status":"closed","ping_status":"closed","template":"","meta":{"footnotes":""},"class_list":["post-93","page","type-page","status-publish","hentry","latest_post"],"_links":{"self":[{"href":"https:\/\/cumbre.incp.org.co\/index.php?rest_route=\/wp\/v2\/pages\/93","targetHints":{"allow":["GET"]}}],"collection":[{"href":"https:\/\/cumbre.incp.org.co\/index.php?rest_route=\/wp\/v2\/pages"}],"about":[{"href":"https:\/\/cumbre.incp.org.co\/index.php?rest_route=\/wp\/v2\/types\/page"}],"author":[{"embeddable":true,"href":"https:\/\/cumbre.incp.org.co\/index.php?rest_route=\/wp\/v2\/users\/3"}],"replies":[{"embeddable":true,"href":"https:\/\/cumbre.incp.org.co\/index.php?rest_route=%2Fwp%2Fv2%2Fcomments&post=93"}],"version-history":[{"count":4,"href":"https:\/\/cumbre.incp.org.co\/index.php?rest_route=\/wp\/v2\/pages\/93\/revisions"}],"predecessor-version":[{"id":655,"href":"https:\/\/cumbre.incp.org.co\/index.php?rest_route=\/wp\/v2\/pages\/93\/revisions\/655"}],"wp:attachment":[{"href":"https:\/\/cumbre.incp.org.co\/index.php?rest_route=%2Fwp%2Fv2%2Fmedia&parent=93"}],"curies":[{"name":"wp","href":"https:\/\/api.w.org\/{rel}","templated":true}]}}